{"id":18,"date":"2022-05-19T17:52:57","date_gmt":"2022-05-19T17:52:57","guid":{"rendered":"http:\/\/217.144.56.49\/~buildext\/?page_id=18"},"modified":"2022-10-04T10:44:20","modified_gmt":"2022-10-04T10:44:20","slug":"career","status":"publish","type":"page","link":"https:\/\/arcoord.com\/en\/career\/","title":{"rendered":"Career"},"content":{"rendered":"\n<div class=\"wp-block-cover alignfull is-light\" style=\"min-height:704px;aspect-ratio:unset;\"><span aria-hidden=\"true\" class=\"wp-block-cover__background has-background-dim-0 has-background-dim\"><\/span><video class=\"wp-block-cover__video-background intrinsic-ignore\" autoplay muted loop playsinline src=\"https:\/\/buildext.com\/arcoord\/arcoord\/wp-content\/uploads\/2022\/08\/karrier-02.mp4\" data-object-fit=\"cover\"><\/video><div class=\"wp-block-cover__inner-container is-layout-flow wp-block-cover-is-layout-flow\">\n<div class=\"wp-block-group alignwide is-layout-flow wp-block-group-is-layout-flow\">\n<p class=\"cover-mobile-p has-black-color has-white-background-color has-text-color has-background has-large-font-size\"><strong>\u201cTechnology moves fast and reshapes our daily life.<br>At BuildEXT, we believe this is great!\u201d<\/strong><\/p>\n<\/div>\n<\/div><\/div>\n\n\n<div class=\"breadcrumbs alignwide\"><a href=\"https:\/\/arcoord.com\/en\/\">Main<\/a><\/div>\n\n\n<div style=\"height:100px\" aria-hidden=\"true\" class=\"wp-block-spacer\"><\/div>\n\n\n\n<h1 class=\"has-text-align-left wp-block-heading\">Career at BuildEXT <\/h1>\n\n\n\n<div style=\"height:30px\" aria-hidden=\"true\" class=\"wp-block-spacer\"><\/div>\n\n\n\n<h3 class=\"wp-block-heading\">We design for innovators. We share a vision with special people.<\/h3>\n\n\n\n<div style=\"height:30px\" aria-hidden=\"true\" class=\"wp-block-spacer\"><\/div>\n\n\n\n<div class=\"wp-block-columns alignwide is-layout-flex wp-container-core-columns-is-layout-9d6595d7 wp-block-columns-is-layout-flex\">\n<div class=\"wp-block-column is-layout-flow wp-block-column-is-layout-flow\" style=\"flex-basis:70%\">\n<p class=\"cover-mobile-p has-white-color has-black-background-color has-text-color has-background has-large-font-size\"><strong>\u201cWe believe in orchestrating the dialog between all the stakeholders, taking advantage of the building information modeling method. We introduce this new, digital ecosystem to everyone!\u201d<\/strong><\/p>\n<\/div>\n\n\n\n<div class=\"wp-block-column is-layout-flow wp-block-column-is-layout-flow\" style=\"flex-basis:30%\"><\/div>\n<\/div>\n\n\n\n<div style=\"height:30px\" aria-hidden=\"true\" class=\"wp-block-spacer\"><\/div>\n\n\n\n<p>We work with the entire lifecycle of the building in mind, coordinating the interests of all participants: we need to serve the needs of future users by focusing on the human condition. We have to take into account the environmental impacts and optimize the use of resources. And, of course, we have to keep in mind the economic needs of the customer to be able to create value together.<\/p>\n\n\n\n<p>We deliver all of our services in a simultaneous and interdisciplinary manner. BIM workflow provides an effective platform for this open communication. We work with all stakeholders, share the information, and develop and learn together for a more sustainable future.<\/p>\n\n\n\n<p>Do you like this? Then join us on this exciting journey!<\/p>\n\n\n\n<div style=\"height:60px\" aria-hidden=\"true\" class=\"wp-block-spacer\"><\/div>\n\n\n\n<div class=\"wp-block-create-block-buildext-cover-block alignfull cover\" style=\"min-height:704px\"><div class=\"desktop\" style=\"background-image:url(https:\/\/buildext.com\/arcoord\/arcoord\/wp-content\/uploads\/2022\/06\/career-team01-3840_1404-scaled.jpg)\"><\/div><div class=\"mobile\" style=\"background-image:url(https:\/\/buildext.com\/arcoord\/arcoord\/wp-content\/uploads\/2022\/08\/career-team01-mobile-scaled.jpg)\"><\/div><div class=\"inner-container\">\n<div class=\"wp-block-group alignwide is-layout-flow wp-block-group-is-layout-flow\">\n<h4 class=\"has-white-color has-vivid-purple-background-color has-text-color has-background wp-block-heading\" id=\"welcometalented\">We regularly welcome talented graduates.<br>See what life is like at BuildEXT as a graduate.<\/h4>\n\n\n\n<div style=\"height:30px\" aria-hidden=\"true\" class=\"wp-block-spacer\"><\/div>\n\n\n\n<div class=\"wp-block-buttons is-horizontal is-content-justification-left is-layout-flex wp-container-core-buttons-is-layout-a6f7bf7d wp-block-buttons-is-layout-flex\">\n<div class=\"wp-block-button has-custom-font-size cover-mobile-p has-large-font-size\"><a class=\"wp-block-button__link has-white-color has-vivid-purple-background-color has-text-color has-background\" href=\"https:\/\/buildext.com\/arcoord\/en\/graduate-architect-job\/\" style=\"border-radius:0px\" target=\"_blank\" rel=\"noopener\"><strong>Early careers<\/strong><\/a><\/div>\n<\/div>\n\n\n\n<div style=\"height:60px\" aria-hidden=\"true\" class=\"wp-block-spacer\"><\/div>\n\n\n\n<h4 class=\"has-black-color has-white-background-color has-text-color has-background wp-block-heading\"><strong>We have set up a special team with our expertise to implement BIM-based projects that reduce the energy footprint of the construction industry and thus actively contribute to a sustainable future. Join us, let\u2019s shape the world together!<\/strong><\/h4>\n\n\n\n<div style=\"height:30px\" aria-hidden=\"true\" class=\"wp-block-spacer\"><\/div>\n\n\n\n<div class=\"wp-block-buttons is-layout-flex wp-block-buttons-is-layout-flex\">\n<div class=\"wp-block-button has-custom-font-size cover-mobile-p has-large-font-size\"><a class=\"wp-block-button__link has-black-color has-white-background-color has-text-color has-background\" href=\"#openpositions\" style=\"border-radius:0px\"><strong>Open positions<\/strong><\/a><\/div>\n<\/div>\n<\/div>\n<\/div><\/div>\n\n\n\n<div style=\"height:100px\" aria-hidden=\"true\" class=\"wp-block-spacer\"><\/div>\n\n\n\n<div class=\"wp-block-media-text alignwide has-media-on-the-right is-stacked-on-mobile is-vertically-aligned-center\" style=\"grid-template-columns:auto 60%\"><figure class=\"wp-block-media-text__media\"><img decoding=\"async\" src=\"https:\/\/buildext.com\/arcoord\/arcoord\/wp-content\/uploads\/2022\/06\/career-team02-1920_1080-1024x576.jpg\" alt=\"\" class=\"wp-image-278 size-full\"\/><\/figure><div class=\"wp-block-media-text__content\">\n<h2 class=\"alignwide has-text-align-left wp-block-heading\">What are we like?<\/h2>\n\n\n\n<p>BuildEXT is an open-minded, supportive, cheerful team led by an engineering approach.<br>We love to explore untrodden ways. We are not afraid to make mistakes because we can learn from them and are happy to share this knowledge.<br>For us, an engineering approach means <strong>taking overall responsibility for our environment<\/strong>. We create a world where architecture is a conscious service rather than ego-driven self-expression.<\/p>\n\n\n\n<div class=\"wp-block-buttons is-layout-flex wp-container-core-buttons-is-layout-6b4e3324 wp-block-buttons-is-layout-flex\">\n<div class=\"wp-block-button\"><a class=\"wp-block-button__link has-white-color has-black-background-color has-text-color has-background\" href=\"https:\/\/buildext.com\/arcoord\/en\/about\/\" style=\"border-radius:0px\" target=\"_blank\" rel=\"noreferrer noopener\"><strong>Read more about us<\/strong><\/a><\/div>\n<\/div>\n<\/div><\/div>\n\n\n\n<div style=\"height:100px\" aria-hidden=\"true\" class=\"wp-block-spacer\"><\/div>\n\n\n\n<div class=\"wp-block-media-text alignwide is-stacked-on-mobile is-vertically-aligned-center\" style=\"grid-template-columns:60% auto\"><figure class=\"wp-block-media-text__media\"><img decoding=\"async\" width=\"1024\" height=\"576\" src=\"https:\/\/buildext.com\/arcoord\/arcoord\/wp-content\/uploads\/2022\/06\/career-team03-1920_1080-1024x576.jpg\" alt=\"\" class=\"wp-image-282 size-full\" srcset=\"https:\/\/arcoord.com\/wp-content\/uploads\/2022\/06\/career-team03-1920_1080-1024x576.jpg 1024w, https:\/\/arcoord.com\/wp-content\/uploads\/2022\/06\/career-team03-1920_1080-300x169.jpg 300w, https:\/\/arcoord.com\/wp-content\/uploads\/2022\/06\/career-team03-1920_1080-768x432.jpg 768w, https:\/\/arcoord.com\/wp-content\/uploads\/2022\/06\/career-team03-1920_1080-1536x864.jpg 1536w, https:\/\/arcoord.com\/wp-content\/uploads\/2022\/06\/career-team03-1920_1080.jpg 1920w\" sizes=\"(max-width: 1024px) 100vw, 1024px\" \/><\/figure><div class=\"wp-block-media-text__content\">\n<h2 class=\"alignwide has-text-align-right wp-block-heading\">How do we work?<\/h2>\n\n\n\n<p class=\"has-text-align-right\">For us, the cornerstones of a successful project are precise engineering, the integration of an <strong>innovative approach,<\/strong> and the provision of dialogue between actors. This endeavor is made possible by fully applying the <strong>BIM working method<\/strong>.<br>At BuildEXT, it is extremely important to control the flow of information between participants, because this way we can be sure that the building will be built as intended.<\/p>\n\n\n\n<div class=\"wp-block-buttons is-content-justification-right is-layout-flex wp-container-core-buttons-is-layout-86a8208c wp-block-buttons-is-layout-flex\">\n<div class=\"wp-block-button\"><a class=\"wp-block-button__link has-white-color has-black-background-color has-text-color has-background\" href=\"https:\/\/buildext.com\/arcoord\/en\/about\/#hogyandolgozunk\" style=\"border-radius:0px\" target=\"_blank\" rel=\"noreferrer noopener\"><strong>Read more about our workflow<\/strong><\/a><\/div>\n<\/div>\n<\/div><\/div>\n\n\n\n<div style=\"height:100px\" aria-hidden=\"true\" class=\"wp-block-spacer\"><\/div>\n\n\n\n<div class=\"wp-block-media-text alignwide has-media-on-the-right is-stacked-on-mobile is-vertically-aligned-center\" style=\"grid-template-columns:auto 60%\"><figure class=\"wp-block-media-text__media\"><img decoding=\"async\" width=\"1024\" height=\"576\" src=\"https:\/\/buildext.com\/arcoord\/arcoord\/wp-content\/uploads\/2022\/06\/career-team04-1920_1080-1024x576.jpg\" alt=\"\" class=\"wp-image-283 size-full\" srcset=\"https:\/\/arcoord.com\/wp-content\/uploads\/2022\/06\/career-team04-1920_1080-1024x576.jpg 1024w, https:\/\/arcoord.com\/wp-content\/uploads\/2022\/06\/career-team04-1920_1080-300x169.jpg 300w, https:\/\/arcoord.com\/wp-content\/uploads\/2022\/06\/career-team04-1920_1080-768x432.jpg 768w, https:\/\/arcoord.com\/wp-content\/uploads\/2022\/06\/career-team04-1920_1080-1536x864.jpg 1536w, https:\/\/arcoord.com\/wp-content\/uploads\/2022\/06\/career-team04-1920_1080.jpg 1920w\" sizes=\"(max-width: 1024px) 100vw, 1024px\" \/><\/figure><div class=\"wp-block-media-text__content\">\n<h2 class=\"alignwide has-text-align-left wp-block-heading\">What do we offer?<\/h2>\n\n\n\n<p class=\"has-text-align-left\">Primarily <strong>large and complex projects<\/strong>. In Hungary we are unique in the way that we have integrated the BIM method into our workflow in a wide range, so we are working on exclusive works where the use of the latest, internationally accepted solutions is essential.<br>We trust each other, so everyone can enjoy a level of independence that suits their needs and abilities.<br>We are constantly helping and educating you to have up-to-date knowledge.<br>We do all this in a cheerful and supportive spirit because, for us, a <strong>positive attitude<\/strong> is not a goal but how we operate.<\/p>\n<\/div><\/div>\n\n\n\n<div class=\"wp-block-group alignwide is-layout-flow wp-block-group-is-layout-flow\">\n<div style=\"height:100px\" aria-hidden=\"true\" id=\"openpositions\" class=\"wp-block-spacer\"><\/div>\n\n\n\n<h1 class=\"has-text-align-center wp-block-heading\">Open positions<\/h1>\n\n\n\n<div class=\"wp-block-query is-layout-flow wp-block-query-is-layout-flow\"><\/div>\n<\/div>\n\n\n\n<div style=\"height:100px\" aria-hidden=\"true\" class=\"wp-block-spacer\"><\/div>\n\n\n\n<h1 class=\"has-text-align-center wp-block-heading\">Join us!<\/h1>\n\n\n\n<p>Upload your resume and portfolio (optional) using the form below or send an email to <a href=\"mailto:job@buildext.com\">job@buildext.com<\/a>!<br>We will read it and give you feedback in any case. Make a career at BuildEXT!<\/p>\n\n\n\n<div class=\"wpcf7 no-js\" id=\"wpcf7-f4480-o1\" lang=\"hu-HU\" dir=\"ltr\" data-wpcf7-id=\"4480\">\n<div class=\"screen-reader-response\"><p role=\"status\" aria-live=\"polite\" aria-atomic=\"true\"><\/p> <ul><\/ul><\/div>\n<form action=\"\/en\/wp-json\/wp\/v2\/pages\/18#wpcf7-f4480-o1\" method=\"post\" class=\"wpcf7-form init\" aria-label=\"Kapcsolatfelv\u00e9teli \u0171rlap\" enctype=\"multipart\/form-data\" novalidate=\"novalidate\" data-status=\"init\">\n<div style=\"display: none;\">\n<input type=\"hidden\" name=\"_wpcf7\" value=\"4480\" \/>\n<input type=\"hidden\" name=\"_wpcf7_version\" value=\"6.0.6\" \/>\n<input type=\"hidden\" name=\"_wpcf7_locale\" value=\"hu_HU\" \/>\n<input type=\"hidden\" name=\"_wpcf7_unit_tag\" value=\"wpcf7-f4480-o1\" \/>\n<input type=\"hidden\" name=\"_wpcf7_container_post\" value=\"0\" \/>\n<input type=\"hidden\" name=\"_wpcf7_posted_data_hash\" value=\"\" \/>\n<\/div>\n<div class=\"cf-row\">\n\t<div class=\"cf-col-50\">\n\t\t<p><span class=\"wpcf7-form-control-wrap\" data-name=\"first-name\"><input size=\"40\" maxlength=\"400\" class=\"wpcf7-form-control wpcf7-text wpcf7-validates-as-required\" aria-required=\"true\" aria-invalid=\"false\" placeholder=\"First name\" value=\"\" type=\"text\" name=\"first-name\" \/><\/span>\n\t\t<\/p>\n\t<\/div>\n\t<div class=\"cf-col-50\">\n\t\t<p><span class=\"wpcf7-form-control-wrap\" data-name=\"last-name\"><input size=\"40\" maxlength=\"400\" class=\"wpcf7-form-control wpcf7-text wpcf7-validates-as-required\" aria-required=\"true\" aria-invalid=\"false\" placeholder=\"Last name\" value=\"\" type=\"text\" name=\"last-name\" \/><\/span>\n\t\t<\/p>\n\t<\/div>\n<\/div>\n<div class=\"cf-row\">\n\t<div class=\"cf-col-100\">\n\t\t<p><span class=\"wpcf7-form-control-wrap\" data-name=\"email\"><input size=\"40\" maxlength=\"400\" class=\"wpcf7-form-control wpcf7-email wpcf7-validates-as-required wpcf7-text wpcf7-validates-as-email\" aria-required=\"true\" aria-invalid=\"false\" placeholder=\"Email\" value=\"\" type=\"email\" name=\"email\" \/><\/span>\n\t\t<\/p>\n\t<\/div>\n<\/div>\n<div class=\"cf-row\">\n\t<div class=\"cf-col-100\">\n\t\t<p><span class=\"wpcf7-form-control-wrap\" data-name=\"phone\"><input size=\"40\" maxlength=\"400\" class=\"wpcf7-form-control wpcf7-tel wpcf7-validates-as-required wpcf7-text wpcf7-validates-as-tel\" aria-required=\"true\" aria-invalid=\"false\" placeholder=\"Phone\" value=\"\" type=\"tel\" name=\"phone\" \/><\/span>\n\t\t<\/p>\n\t<\/div>\n<\/div>\n<div class=\"cf-row\">\n\t<div class=\"cf-col-100\">\n\t\t<p><span class=\"wpcf7-form-control-wrap\" data-name=\"subject\"><select class=\"wpcf7-form-control wpcf7-select wpcf7-validates-as-required\" aria-required=\"true\" aria-invalid=\"false\" name=\"subject\"><option value=\"Subject\">Subject<\/option><option value=\"BIM modeler\">BIM modeler<\/option><option value=\"Architect\">Architect<\/option><option value=\"Interior designer\">Interior designer<\/option><option value=\"BIM manager\">BIM manager<\/option><\/select><\/span>\n\t\t<\/p>\n\t<\/div>\n<\/div>\n<div class=\"cf-row\">\n\t<div class=\"cf-col-100\">\n\t\t<p><span class=\"wpcf7-form-control-wrap\" data-name=\"source\"><select class=\"wpcf7-form-control wpcf7-select wpcf7-validates-as-required\" aria-required=\"true\" aria-invalid=\"false\" name=\"source\"><option value=\"Profession\">Profession<\/option><option value=\"LinkedIn\">LinkedIn<\/option><option value=\"Facebook\">Facebook<\/option><option value=\"Instagram\">Instagram<\/option><option value=\"BuildEXT career page\">BuildEXT career page<\/option><option value=\"Recommendation\">Recommendation<\/option><option value=\"Mail list\">Mail list<\/option><\/select><\/span>\n\t\t<\/p>\n\t<\/div>\n<\/div>\n<div class=\"cf-row\">\n\t<div class=\"cf-col-100\">\n\t\t<p><span class=\"wpcf7-form-control-wrap\" data-name=\"message\"><textarea cols=\"40\" rows=\"10\" maxlength=\"2000\" class=\"wpcf7-form-control wpcf7-textarea wpcf7-validates-as-required\" aria-required=\"true\" aria-invalid=\"false\" placeholder=\"Message\" name=\"message\"><\/textarea><\/span>\n\t\t<\/p>\n\t<\/div>\n<\/div>\n<div class=\"cf-row\">\n\t<div class=\"cf-col-50\">\n\t\t<p><label class=\"border\">CV (max 12MB)<br \/>\n<span class=\"wpcf7-form-control-wrap\" data-name=\"cv\"><input size=\"40\" class=\"wpcf7-form-control wpcf7-file wpcf7-validates-as-required\" accept=\"image\/*,application\/pdf\" aria-required=\"true\" aria-invalid=\"false\" type=\"file\" name=\"cv\" \/><\/span><\/label>\n\t\t<\/p>\n\t<\/div>\n\t<div class=\"cf-col-50\">\n\t\t<p><label class=\"border\">Portfolio (max 12MB)<br \/>\n<span class=\"wpcf7-form-control-wrap\" data-name=\"portfolio\"><input size=\"40\" class=\"wpcf7-form-control wpcf7-file\" accept=\"image\/*,application\/pdf\" aria-invalid=\"false\" type=\"file\" name=\"portfolio\" \/><\/span><\/label>\n\t\t<\/p>\n\t<\/div>\n<\/div>\n<div style=\"display:none;\">\n\t<p><span class=\"wpcf7-form-control-wrap\" data-name=\"page-url\"><input size=\"40\" maxlength=\"400\" class=\"wpcf7-form-control wpcf7-text\" aria-invalid=\"false\" value=\"https:\/\/buildext.com\/en\/wp-json\/wp\/v2\/pages\/18\" type=\"text\" name=\"page-url\" \/><\/span>\n\t<\/p>\n<\/div>\n<div class=\"cf-row\">\n\t<div class=\"cf-col-50 ml-0\">\n\t\t<p><input class=\"wpcf7-form-control wpcf7-submit has-spinner\" type=\"submit\" value=\"Submit\" \/>\n\t\t<\/p>\n\t<\/div>\n<\/div><div class=\"wpcf7-response-output\" aria-hidden=\"true\"><\/div>\n<\/form>\n<\/div>\n\n\n\n\n<p><\/p>\n\n\n\n<div class=\"wp-block-create-block-buildext-contact-person-block contact-person\">\n<div class=\"wp-block-columns is-layout-flex wp-container-core-columns-is-layout-9d6595d7 wp-block-columns-is-layout-flex\">\n<div class=\"wp-block-column is-layout-flow wp-block-column-is-layout-flow\" style=\"flex-basis:166px\">\n<figure class=\"wp-block-image size-full is-style-rounded\"><img decoding=\"async\" src=\"https:\/\/buildext.com\/arcoord\/arcoord\/wp-content\/uploads\/2022\/06\/abris_01.png\" alt=\"\" class=\"wp-image-284\"\/><\/figure>\n<\/div>\n\n\n\n<div class=\"wp-block-column is-layout-flow wp-block-column-is-layout-flow\">\n<h4 class=\"heading wp-block-heading\">Do you have any questions? Please do not hesitate to ask \u00c1bris.<br>\u00c1brah\u00e1m Livj\u00e1k<\/h4>\n\n\n\n<p class=\"title\">HR manager<\/p>\n\n\n\n<p class=\"phone\">+36 20 296 9179<\/p>\n\n\n\n<p class=\"get-in-touch\"><a href=\"mailto:abraham.livjak@buildext.com\">Send message<\/a><\/p>\n<\/div>\n<\/div>\n<\/div>\n","protected":false},"excerpt":{"rendered":"<p>Career at BuildEXT We design for innovators. We share a vision with special people. \u201cWe believe in orchestrating the dialog [&hellip;]<\/p>\n","protected":false},"author":1,"featured_media":8840,"parent":0,"menu_order":0,"comment_status":"closed","ping_status":"closed","template":"","meta":{"footnotes":""},"class_list":["post-18","page","type-page","status-publish","has-post-thumbnail","hentry"],"_links":{"self":[{"href":"https:\/\/arcoord.com\/en\/wp-json\/wp\/v2\/pages\/18","targetHints":{"allow":["GET"]}}],"collection":[{"href":"https:\/\/arcoord.com\/en\/wp-json\/wp\/v2\/pages"}],"about":[{"href":"https:\/\/arcoord.com\/en\/wp-json\/wp\/v2\/types\/page"}],"author":[{"embeddable":true,"href":"https:\/\/arcoord.com\/en\/wp-json\/wp\/v2\/users\/1"}],"replies":[{"embeddable":true,"href":"https:\/\/arcoord.com\/en\/wp-json\/wp\/v2\/comments?post=18"}],"version-history":[{"count":72,"href":"https:\/\/arcoord.com\/en\/wp-json\/wp\/v2\/pages\/18\/revisions"}],"predecessor-version":[{"id":7000,"href":"https:\/\/arcoord.com\/en\/wp-json\/wp\/v2\/pages\/18\/revisions\/7000"}],"wp:featuredmedia":[{"embeddable":true,"href":"https:\/\/arcoord.com\/en\/wp-json\/wp\/v2\/media\/8840"}],"wp:attachment":[{"href":"https:\/\/arcoord.com\/en\/wp-json\/wp\/v2\/media?parent=18"}],"curies":[{"name":"wp","href":"https:\/\/api.w.org\/{rel}","templated":true}]}}